{"id":526,"date":"2013-12-20T11:22:04","date_gmt":"2013-12-20T11:22:04","guid":{"rendered":"http:\/\/video.usaldus.ee\/?page_id=526"},"modified":"2016-12-14T18:23:34","modified_gmt":"2016-12-14T18:23:34","slug":"kontseptsioon","status":"publish","type":"page","link":"https:\/\/video.usaldus.ee\/?page_id=526","title":{"rendered":"TeleChat kontseptsioon"},"content":{"rendered":"<table border=\"0\" align=\"center\">\n<tbody>\n<tr>\n<td><strong>Projekti <span style=\"color: #ff0000;\"><span style=\"font-size: x-large;\">TeleChat<\/span><\/span> l\u00fchitutvustus.<\/strong><\/p>\n<p><i>(M\u00e4rkus. Projekt ei t\u00f6\u00f6ta hetkel, otsime uut audio-visuaalset v\u00e4ljundit.)<\/i><\/p>\n<p>Usaldustelefoni projekt Telechat on otseselt seotud ps\u00fchholoogilise abi osutamisega.<br \/>\nTelechat on kaasaegne interaktiivne meediakeskkond, kus erinevate ps\u00fchholoogiliste muredega osav\u00f5tjad saavad ennast v\u00e4ljendada ja tuge otsida SMS kaudu. K\u00f5ik s\u00f5numid avaldatakse reaalajas visuaalses meediakeskkonnas vahetult p\u00e4rast nende saatmist. Enamlevinud mureteemad, mille puhul kasutatakse telechat-suhtlust, on \u00fcksindus, masendus, depressioon, sotsiaalne t\u00f5rjutus, suhtlemisraskused jms. Selles keskkonnas Tallinna TV ekraanil toimuva vaatajad saavad SMS tekste jooksvalt j\u00e4lgida ning soovi korral \u00fchesuguste probleemide alusel omavahel kontakteeruda, et pakkuda operatiivselt vastastikust emotsionaalset tuge v\u00f5i jagada oma kogemusi sarnaste muredega toimetulekust. Kui keegi telechati vaatajatest leiab, et tal on pakkuda h\u00e4dasolijale m\u00f5ni hea m\u00f5te v\u00f5i idee, siis v\u00f5tab ta temaga \u00fchendust m\u00f5nel s\u00f5numis n\u00e4idatud tavalisel (ja \u00fchtlasi ka odavamal) kanalil, n\u00e4iteks telefoni, mobiili, skaibi v\u00f5i meili vahendusel, ja nad arutavad k\u00f5nealuseid probleeme edasi juba omavahel.<\/p>\n<p>Sellega on usaldustelefon astunud oma teenusega pelgalt lauatelefoni ajastust n\u00fc\u00fcdisaegsesse innovaatilisse meediakeskkonda, kus erinevad suhtluskanalid on palju avaramad. Teiselt poolt annab SMS-suhtluse visuaalne j\u00e4lgitavus \u00fcsna adekvaatse pildi helistajate aktuaalsetest muredest ja probleemidest, mis v\u00f5imaldab vastavate erialade spetsialistidel kavandada t\u00f5husamaid meetmeid ilmnenud sotsiaalsete probleemide leevendamiseks ja ennetamiseks.<\/p>\n<p>Telechati suhtlus ei ole k\u00fcll t\u00e4iesti anon\u00fc\u00fcmne nagu usaldustelefonis, sest osalejad peavad paratamatult n\u00e4gema v\u00e4hemalt vastastikuseid telefoninumbreid v\u00f5i muid kontaktandmeid, aga teiselt poolt ei laotata ka nende delikaatse vestluse k\u00f5iki \u00fcksikasju enam tarbetult kogu telepubliku ette laiali. Kindlasti aitab see kaasa kahe inimese omavahelise usaldusliku arutelu kujunemisele palju avameelsemaks ja vahetumaks ning \u00fchtlasi ka produktiivsemaks. Samal ajal s\u00e4ilib v\u00f5imalus, et televaatajate hulgas v\u00f5ib leiduda keegi, kes on just taolised probleemid omal nahal \u00fcle elanud ja edukalt lahendanud ning on n\u00fc\u00fcd valmis jagama oma kogemusi ka m\u00f5ne konkreetse h\u00e4dasolijaga. Sellisel aitajal on teatav eelis isegi universaalse laiap\u00f5hjalise ettevalmistusega kvalifitseeritud telfori ees, kellel endal ei pruugi just t\u00e4pselt sellist kogemust olla.<\/p>\n<p>Telechat annab v\u00e4ltimatu ps\u00fchholoogilise abi telefoniteenusele v\u00f5imsa meediav\u00e4ljundi. Usaldustelefoni aadressile saadetud heategevad kuulutused ja abipalved avaldatakse telechati keskkonnas tasuta. N\u00e4iteks kadunud lapse otsimise kuulutuse avaldamine pakub stressis lapsevanemale kohest ps\u00fchholoogilist tuge ja abi \u2013 inimlikult on ju lohutav teada, et sinu murega juba reaalselt tegeldakse ja t\u00e4helepanelike kaaskodanike ring aina laieneb.<\/p>\n<p>Tavalise SMS saatmine on maksustatud \u00fchelt poolt selleks, et osav\u00f5tjaid distsiplineerida ning v\u00e4ltida eetri risustamist ebakohaste masspostitustega (sp\u00e4mmiga). Samas kasutatakse \u00e4ra l\u00fchinumbrite 126\/127 seni kasutamata seisnud SMS ressurss ning teenitakse t\u00e4iendavaid vahendeid pidevalt alarahastatud v\u00e4ltimatu ps\u00fchholoogilise abi telefoniteenuse k\u00e4igushoidmiseks ja arendamiseks ning teiste usaldustelefoni p\u00f5hikirjaliste tegevuste finantseerimiseks. L\u00fchinumbrite SMS ressursi kasutamine on k\u00f5neside teenusest tehniliselt eraldatud ning ei halvenda selle kvaliteeti ega k\u00e4ttesaadavust. V\u00e4ltimatu ps\u00fchholoogilise abi k\u00f5nede eest ei v\u00f5ta aga usaldustelefon helistajate k\u00e4est vastavalt rahvusvahelistele reeglitele p\u00f5him\u00f5tteliselt mitte mingit lisatasu. K\u00f5ne maksustavad ainult telefonifirmad nagu tavalise kohaliku k\u00f5ne.<\/p>\n<p>Oleme kestvalt otsinud lisarahastamise allikaid, sest usaldustelefoni projektide toetamine Sotsiaalministeeriumi kaudu Hasartm\u00e4ngumaksu N\u00f5ukogu vahendusel on j\u00e4rjekindlalt v\u00e4henenud. Eraldis 2013. aasta tegevuse rahastamiseks moodustas vaevalt 25% optimaalsest vajadusest. 2014. aasta projekti rahastamise taotlust ei rahuldatud aga \u00fcldse. Seega peame j\u00e4tkuvalt oluliseks v\u00e4hemalt usaldustelefoni kui MT\u00dc p\u00f5hivajaduste riigieelarvelise finantseerimise taastamist.<\/p>\n<p>TeleChat k\u00e4ivitus 12.11.2013 ja on Tallinna TV eetris \u00f6isel ajal. S\u00f5numi saatmine l\u00fchinumbrile 126 maksab saatjale 4,79 eurot ja numbrile 127 0,64 eurot. TV vaatajad on teenuse maksumusest informeeritud ja saate ajal on ekraanil kogu aeg ka sellekohane teade. Saadava tulu vastavust ootustele on praegu veel vara ennustada.<br \/>\nTelechati projekti lisav\u00e4\u00e4rtus oodatava tagasihoidliku rahalise kasumi k\u00f5rval on v\u00e4ltimatu ps\u00fchholoogilise abi telefoniteenuse tasuta reklaamimise v\u00f5imalus Tallinna TV eetris Telechati saateajal. Lisaks on usaldustelefonil terve omaette kontingent juba h\u00e4\u00e4le j\u00e4rgi h\u00e4sti tuntuks saanud p\u00fcsihelistajaid, kelle p\u00f5himure on \u00fcksindus, unetus ja suhtlemisvaegus, mille puhul on parimaks abiks kontaktide leidmine teiste omasugustega, millest v\u00f5ivad v\u00e4lja kujuneda ka p\u00fcsivad suhtluskonnad, ja usaldustelefonil j\u00e4\u00e4b rohkem aega tegelemiseks spetsiifilisemat abi vajavate helistajatega.<\/p>\n<p>Teiselt poolt on usaldustelefoni telechati projekti p\u00f5him\u00f5tete sihikindel j\u00e4rgimine moderaatoritele toeks ka selle kasutajate distsiplineerimisel ning kokkuv\u00f5ttes hooliva ja empaatiav\u00f5imelisema kodaniku\u00fchiskonna kasvatamisel ja kujundamisel.<\/p>\n<p style=\"text-align: left;\"><strong>Enno Selirand<\/strong><img class=\"alignnone size-full wp-image-567\" src=\"http:\/\/video.usaldus.ee\/wp-content\/uploads\/Enno_Pic-017v.jpg\" alt=\"OLYMPUS DIGITAL CAMERA\" width=\"600\" srcset=\"https:\/\/video.usaldus.ee\/wp-content\/uploads\/Enno_Pic-017v.jpg 600w, https:\/\/video.usaldus.ee\/wp-content\/uploads\/Enno_Pic-017v-300x200.jpg 300w\" sizes=\"(max-width: 600px) 100vw, 600px\" \/><br \/>\nMT\u00dc Hingeabi Assotsiatsiooni Usaldus president<br \/>\n12.01.2014.<br \/>\nFoto: Urmas Roos.<\/p>\n<\/td>\n<td><\/td>\n<\/tr>\n<\/tbody>\n<\/table>\n","protected":false},"excerpt":{"rendered":"<p>Projekti TeleChat l\u00fchitutvustus. (M\u00e4rkus. Projekt ei t\u00f6\u00f6ta hetkel, otsime uut audio-visuaalset v\u00e4ljundit.) Usaldustelefoni projekt Telechat on otseselt seotud ps\u00fchholoogilise abi osutamisega. Telechat on kaasaegne interaktiivne meediakeskkond, kus erinevate ps\u00fchholoogiliste muredega osav\u00f5tjad saavad ennast v\u00e4ljendada ja tuge otsida SMS kaudu. K\u00f5ik s\u00f5numid avaldatakse reaalajas visuaalses meediakeskkonnas vahetult p\u00e4rast nende saatmist. Enamlevinud mureteemad, mille puhul kasutatakse telechat-suhtlust, on \u00fcksindus, masendus, depressioon, sotsiaalne t\u00f5rjutus, suhtlemisraskused jms. Selles keskkonnas Tallinna TV ekraanil toimuva vaatajad saavad SMS tekste jooksvalt j\u00e4lgida ning soovi korral \u00fchesuguste probleemide&hellip; <a href=\"https:\/\/video.usaldus.ee\/?page_id=526\">Continue reading <span class=\"meta-nav\">&raquo;<\/span><\/a><\/p>\n","protected":false},"author":1,"featured_media":0,"parent":0,"menu_order":7,"comment_status":"closed","ping_status":"open","template":"","meta":[],"_links":{"self":[{"href":"https:\/\/video.usaldus.ee\/index.php?rest_route=\/wp\/v2\/pages\/526"}],"collection":[{"href":"https:\/\/video.usaldus.ee\/index.php?rest_route=\/wp\/v2\/pages"}],"about":[{"href":"https:\/\/video.usaldus.ee\/index.php?rest_route=\/wp\/v2\/types\/page"}],"author":[{"embeddable":true,"href":"https:\/\/video.usaldus.ee\/index.php?rest_route=\/wp\/v2\/users\/1"}],"replies":[{"embeddable":true,"href":"https:\/\/video.usaldus.ee\/index.php?rest_route=%2Fwp%2Fv2%2Fcomments&post=526"}],"version-history":[{"count":72,"href":"https:\/\/video.usaldus.ee\/index.php?rest_route=\/wp\/v2\/pages\/526\/revisions"}],"predecessor-version":[{"id":650,"href":"https:\/\/video.usaldus.ee\/index.php?rest_route=\/wp\/v2\/pages\/526\/revisions\/650"}],"wp:attachment":[{"href":"https:\/\/video.usaldus.ee\/index.php?rest_route=%2Fwp%2Fv2%2Fmedia&parent=526"}],"curies":[{"name":"wp","href":"https:\/\/api.w.org\/{rel}","templated":true}]}}